{"id":2,"date":"2010-08-19T16:00:08","date_gmt":"2010-08-19T14:00:08","guid":{"rendered":"http:\/\/litefranovan.se\/?page_id=2"},"modified":"2012-04-28T22:04:45","modified_gmt":"2012-04-28T22:04:45","slug":"about","status":"publish","type":"page","link":"https:\/\/litefranovan.se\/index.php\/about\/","title":{"rendered":"About"},"content":{"rendered":"<p>Bilderna p\u00e5 denna sida \u00e4r fotograferade n\u00e4r jag flyger med en paraglider och en\u00a0 paramotor p\u00e5 ryggen. Jag har f\u00e5tt sj\u00e4lvgranskningsr\u00e4tt av bilderna av f\u00f6rsvarsmyndigheten och har \u00e4ven\u00a0 kommersiellt flygtillst\u00e5nd fr\u00e5n transportstyrelsen. Alla bilderna \u00e4r copyrightskyddade. Om du \u00e4r intresserad av att anv\u00e4nda bilder kan ni kontakta mig p\u00e5 christian@ornensoga.se.\u00a0 M\u00e5nga av bilderna finns \u00e4ven tillg\u00e4ngliga p\u00e5 scanpix.se under editorial.<\/p>\n<p><a href=\"https:\/\/litefranovan.se\/index.php\/about\/cdt_7628-hemsida\/\" rel=\"attachment wp-att-343\"><img decoding=\"async\" loading=\"lazy\" class=\"alignnone size-full wp-image-343\" title=\"CDT_7628-hemsida\" src=\"https:\/\/litefranovan.se\/wp-content\/uploads\/2010\/08\/CDT_7628-hemsida.jpg\" alt=\"\" width=\"1000\" height=\"665\" srcset=\"https:\/\/litefranovan.se\/wp-content\/uploads\/2010\/08\/CDT_7628-hemsida.jpg 1000w, https:\/\/litefranovan.se\/wp-content\/uploads\/2010\/08\/CDT_7628-hemsida-300x199.jpg 300w\" sizes=\"(max-width: 1000px) 100vw, 1000px\" \/><\/a><br \/>\nBilderna \u00e4r vid 300 dpi 36&#215;24 cm, 4256&#215;2832 pixlar.<\/p>\n<p>This is a page with aerial photographs mainly from the south of Sweden. The photographs are taken using a paramotor and a paraglider. I have permission from the\u00a0 defense authorities in Sweden to publish the pictures. Most of these images are available via scanpix.se under their editorial section. All images are copyright protected.<\/p>\n<p>H\u00f6r av er om ni har fr\u00e5gor eller speciella \u00f6nskem\u00e5l.<\/p>\n<p>H\u00e4lsningar<br \/>\nChristian Lindh<\/p>\n<p>Telefon 0709-282735<br \/>\nfoto@litefranovan.se<\/p>\n<p>christian@ornensoga.se<\/p>\n","protected":false},"excerpt":{"rendered":"<p>Bilderna p\u00e5 denna sida \u00e4r fotograferade n\u00e4r jag flyger med en paraglider och en\u00a0 paramotor p\u00e5 ryggen. Jag har f\u00e5tt sj\u00e4lvgranskningsr\u00e4tt av bilderna av f\u00f6rsvarsmyndigheten och har \u00e4ven\u00a0 kommersiellt flygtillst\u00e5nd fr\u00e5n transportstyrelsen. Alla bilderna \u00e4r copyrightskyddade. Om du \u00e4r intresserad &hellip; <a href=\"https:\/\/litefranovan.se\/index.php\/about\/\">Continue reading <span class=\"meta-nav\">&rarr;<\/span><\/a><\/p>\n","protected":false},"author":3,"featured_media":0,"parent":0,"menu_order":0,"comment_status":"open","ping_status":"open","template":"","meta":[],"_links":{"self":[{"href":"https:\/\/litefranovan.se\/index.php\/wp-json\/wp\/v2\/pages\/2"}],"collection":[{"href":"https:\/\/litefranovan.se\/index.php\/wp-json\/wp\/v2\/pages"}],"about":[{"href":"https:\/\/litefranovan.se\/index.php\/wp-json\/wp\/v2\/types\/page"}],"author":[{"embeddable":true,"href":"https:\/\/litefranovan.se\/index.php\/wp-json\/wp\/v2\/users\/3"}],"replies":[{"embeddable":true,"href":"https:\/\/litefranovan.se\/index.php\/wp-json\/wp\/v2\/comments?post=2"}],"version-history":[{"count":9,"href":"https:\/\/litefranovan.se\/index.php\/wp-json\/wp\/v2\/pages\/2\/revisions"}],"predecessor-version":[{"id":30,"href":"https:\/\/litefranovan.se\/index.php\/wp-json\/wp\/v2\/pages\/2\/revisions\/30"}],"wp:attachment":[{"href":"https:\/\/litefranovan.se\/index.php\/wp-json\/wp\/v2\/media?parent=2"}],"curies":[{"name":"wp","href":"https:\/\/api.w.org\/{rel}","templated":true}]}}